{"id":5,"date":"2023-04-08T16:42:55","date_gmt":"2023-04-08T16:42:55","guid":{"rendered":"https:\/\/kriegsenkel-muenchen.de\/?page_id=5"},"modified":"2023-04-29T19:35:46","modified_gmt":"2023-04-29T19:35:46","slug":"datenschutz","status":"publish","type":"page","link":"https:\/\/kriegsenkel-muenchen.de\/?page_id=5","title":{"rendered":"Impressum und Datenschutz"},"content":{"rendered":"\n<p>Betreiber und Kontakt:<\/p>\n\n\n\n<p>Dieter von Br\u00f6ckel<br>Karl-Theodor-Str. 31<br>80803 M\u00fcnchen<br><br>Iris Bratz<br>Hofanger 1a<br>86859 Oberigling<\/p>\n\n\n\n<p><\/p>\n\n\n\n<p><br>Email: <a href=\"info@kriegsenkel-muenchen.de\">info@kriegsenkel-muenchen.de<\/a><\/p>\n\n\n\n<p>Datenschutzerkl\u00e4rung <\/p>\n\n\n\n<p>Als Betreiber dieser Seiten nehmen wir den Schutz Eurer pers\u00f6nlichen Daten sehr ernst. Wir behandeln Eure personenbezogenen Daten vertraulich und entsprechend der gesetzlichen Datenschutzvorschriften sowie dieser Datenschutzerkl\u00e4rung. Das Thema Kriegsenkel ist ein sensibles Thema, daher haben wir uns entschieden, keinerlei personenbezogenen Daten mit dieser Website zu erheben. Wir verwenden daher keine Kontaktformulare und nutzen keine IP-Adressen, um diese z.B. mit Analytics-Tools auszuwerten. Ihr k\u00f6nnt daher auch kein Benutzer-Konto erstellen, um z.B. Beitr\u00e4ge zu erfassen. Wir nutzen auch nur technisch notwendige Cookies, um die Funktionalit\u00e4t der Website sicherzustellen . Die Website stellt lediglich ein Mittel dar, Euch \u00fcber das Erz\u00e4hlcafe zu informieren. Aus diesem Grund ist auch keine Verschl\u00fcsselung der Website n\u00f6tig. Wenn Ihr mit uns Kontakt aufnehmen wollen, k\u00f6nnt Ihr dies per E-mail tun. Wir weisen darauf hin, dass die Daten\u00fcbertragung im Internet (z.B. bei der Kommunikation per E-Mail) Sicherheitsl\u00fccken aufweisen kann. Ein l\u00fcckenloser Schutz der Daten vor dem Zugriff durch Dritte ist nicht m\u00f6glich.<\/p>\n\n\n\n<p>Erhebung und Verarbeitung von Daten: Wir weisen darauf hin, dass der Zugriff auf die Website und jeden Abruf einer auf der Website hinterlegten Datei protokolliert wird. Die Speicherung wird von unserem WebSpace Provider durchgef\u00fchrt und dient internen systembezogenen und statistischen Zwecken. Protokolliert werden Name der abgerufenen Datei\/Datum und Uhrzeit des Abrufs\/\u00fcbertragene Datenmenge\/Meldung \u00fcber erfolgreichen Abruf\/verwendetes Betriebssystem\/Browser und Browsertyp\/die Internetseite, von der weitergeleitet wurde\/besuchte Seiten und anfragende Domain. Die IP-Adressen der anfragenden Rechner werden durch uns bzw. unseren WebSpace Provider nur anonymisiert protokolliert. <\/p>\n\n\n\n<p>Welche Rechte habt Ihr bez\u00fcglich Eurer Daten? Ihr habt jederzeit das Recht unentgeltlich Auskunft \u00fcber Herkunft, Empf\u00e4nger und Zweck Eurer gespeicherten personenbezogenen Daten zu erhalten. Ihr habt au\u00dferdem ein Recht, die Berichtigung, Sperrung oder L\u00f6schung dieser Daten zu verlangen. Hierzu sowie zu weiteren Fragen zum Thema Datenschutz k\u00f6nnt Ihr Euch jederzeit unter der im Impressum angegebenen Adresse an uns wenden. Des Weiteren Euch ein Beschwerderecht bei der zust\u00e4ndigen Aufsichtsbeh\u00f6rde zu;<\/p>\n\n\n\n<p>Verantwortlicher f\u00fcr die Verarbeitung Eurer personenbezogenen Daten im Sinne der Datenschutz-Grundverordnung ist:<\/p>\n\n\n\n<p>Iris Bratz<br>Hofanger 1a<\/p>\n\n\n\n<p>86859 Oberigling<\/p>\n\n\n\n<p>e-mail: <a href=\"info@kriegsenkel-muenchen.de\">info@kriegsenkel-muenchen.de<\/a><\/p>\n\n\n\n<p>Die Adresse unserer Website ist: http:\/\/www.kriegsenkel-muenchen.de<\/p>\n","protected":false},"excerpt":{"rendered":"<p>Betreiber und Kontakt: Dieter von Br\u00f6ckelKarl-Theodor-Str. 3180803 M\u00fcnchen Iris BratzHofanger 1a86859 Oberigling Email: info@kriegsenkel-muenchen.de Datenschutzerkl\u00e4rung Als Betreiber dieser Seiten nehmen wir den Schutz Eurer pers\u00f6nlichen Daten sehr ernst. Wir behandeln Eure personenbezogenen Daten vertraulich und entsprechend der gesetzlichen Datenschutzvorschriften sowie dieser Datenschutzerkl\u00e4rung. Das Thema Kriegsenkel ist ein sensibles Thema, daher haben wir uns entschieden, keinerlei &hellip; <\/p>\n","protected":false},"author":1,"featured_media":0,"parent":0,"menu_order":0,"comment_status":"closed","ping_status":"closed","template":"","meta":{"footnotes":""},"class_list":["post-5","page","type-page","status-publish","hentry"],"_links":{"self":[{"href":"https:\/\/kriegsenkel-muenchen.de\/index.php?rest_route=\/wp\/v2\/pages\/5","targetHints":{"allow":["GET"]}}],"collection":[{"href":"https:\/\/kriegsenkel-muenchen.de\/index.php?rest_route=\/wp\/v2\/pages"}],"about":[{"href":"https:\/\/kriegsenkel-muenchen.de\/index.php?rest_route=\/wp\/v2\/types\/page"}],"author":[{"embeddable":true,"href":"https:\/\/kriegsenkel-muenchen.de\/index.php?rest_route=\/wp\/v2\/users\/1"}],"replies":[{"embeddable":true,"href":"https:\/\/kriegsenkel-muenchen.de\/index.php?rest_route=%2Fwp%2Fv2%2Fcomments&post=5"}],"version-history":[{"count":6,"href":"https:\/\/kriegsenkel-muenchen.de\/index.php?rest_route=\/wp\/v2\/pages\/5\/revisions"}],"predecessor-version":[{"id":78,"href":"https:\/\/kriegsenkel-muenchen.de\/index.php?rest_route=\/wp\/v2\/pages\/5\/revisions\/78"}],"wp:attachment":[{"href":"https:\/\/kriegsenkel-muenchen.de\/index.php?rest_route=%2Fwp%2Fv2%2Fmedia&parent=5"}],"curies":[{"name":"wp","href":"https:\/\/api.w.org\/{rel}","templated":true}]}}