{"id":21,"date":"2023-04-08T17:06:24","date_gmt":"2023-04-08T17:06:24","guid":{"rendered":"https:\/\/kriegsenkel-muenchen.de\/?page_id=21"},"modified":"2023-04-08T17:06:24","modified_gmt":"2023-04-08T17:06:24","slug":"ablauf","status":"publish","type":"page","link":"https:\/\/kriegsenkel-muenchen.de\/?page_id=21","title":{"rendered":"Ablauf"},"content":{"rendered":"\n<p>Das Erz\u00e4hlcaf\u00e9 lebt vom Erz\u00e4hlen und Zuh\u00f6ren. Jede und jeder bekommt der Reihe nach Raum und Zeit, ihre\/seine Geschichte zu erz\u00e4hlen. Die anderen h\u00f6ren zu, ohne zu kommentieren oder Stellung zu nehmen. Dadurch entsteht eine ganz eigene Atmosph\u00e4re, die gepr\u00e4gt ist von angenommen sein und gleichzeitig einer gro\u00dfen F\u00fclle und Dichte an unterschiedlichen Erfahrungen und Erleben. Die Teilnehmerinnen und Teilnehmer verpflichten sich dabei zu Vertraulichkeit und Verschwiegenheit.Es handelt sich um ein sensibles Thema. Die TeilnehmerInnen sind daher aufgefordert, auf ihre ganz eigenen pers\u00f6nlichen Grenzen zu achten und sie nehmen eigenverantwortlich am Erz\u00e4hlcaf\u00e9 teil.<\/p>\n\n\n\n<p>R\u00e4umlichkeiten und Anfahrt<\/p>\n\n\n\n<p>AWO Begegnungszentrum am Reinmarplatz 18 (Innenhof),<br>80637 M\u00fcnchen:<br>MVV-Weg: Wir treffen uns in M\u00fcnchen-Gern. Das liegt neben Neuhausen, 4 Stationen vom Hbf. Mit der U1 bis Gern fahren, in Fahrtrichtung vorne links hochgehen, die gro\u00dfe Stra\u00dfe geradeaus, \u00fcber den kleinen Kanal und gleich links abbiegen. Auf der rechten Seite liegt ein Geb\u00e4udekomplex, dort im Innenhof befindet sich das Begegnungszentrum. F\u00fcr AutofahrerInnen: Parkpl\u00e4tze gibt es ausreichend drumherum.<\/p>\n","protected":false},"excerpt":{"rendered":"<p>Das Erz\u00e4hlcaf\u00e9 lebt vom Erz\u00e4hlen und Zuh\u00f6ren. Jede und jeder bekommt der Reihe nach Raum und Zeit, ihre\/seine Geschichte zu erz\u00e4hlen. Die anderen h\u00f6ren zu, ohne zu kommentieren oder Stellung zu nehmen. Dadurch entsteht eine ganz eigene Atmosph\u00e4re, die gepr\u00e4gt ist von angenommen sein und gleichzeitig einer gro\u00dfen F\u00fclle und Dichte an unterschiedlichen Erfahrungen und &hellip; <\/p>\n","protected":false},"author":1,"featured_media":0,"parent":0,"menu_order":0,"comment_status":"closed","ping_status":"closed","template":"","meta":{"footnotes":""},"class_list":["post-21","page","type-page","status-publish","hentry"],"_links":{"self":[{"href":"https:\/\/kriegsenkel-muenchen.de\/index.php?rest_route=\/wp\/v2\/pages\/21","targetHints":{"allow":["GET"]}}],"collection":[{"href":"https:\/\/kriegsenkel-muenchen.de\/index.php?rest_route=\/wp\/v2\/pages"}],"about":[{"href":"https:\/\/kriegsenkel-muenchen.de\/index.php?rest_route=\/wp\/v2\/types\/page"}],"author":[{"embeddable":true,"href":"https:\/\/kriegsenkel-muenchen.de\/index.php?rest_route=\/wp\/v2\/users\/1"}],"replies":[{"embeddable":true,"href":"https:\/\/kriegsenkel-muenchen.de\/index.php?rest_route=%2Fwp%2Fv2%2Fcomments&post=21"}],"version-history":[{"count":1,"href":"https:\/\/kriegsenkel-muenchen.de\/index.php?rest_route=\/wp\/v2\/pages\/21\/revisions"}],"predecessor-version":[{"id":22,"href":"https:\/\/kriegsenkel-muenchen.de\/index.php?rest_route=\/wp\/v2\/pages\/21\/revisions\/22"}],"wp:attachment":[{"href":"https:\/\/kriegsenkel-muenchen.de\/index.php?rest_route=%2Fwp%2Fv2%2Fmedia&parent=21"}],"curies":[{"name":"wp","href":"https:\/\/api.w.org\/{rel}","templated":true}]}}