{"id":2,"date":"2023-04-08T18:31:45","date_gmt":"2023-04-08T18:31:45","guid":{"rendered":"https:\/\/kriegsenkel-muenchen.de\/?page_id=2"},"modified":"2026-05-04T09:24:11","modified_gmt":"2026-05-04T09:24:11","slug":"sample-page","status":"publish","type":"page","link":"https:\/\/kriegsenkel-muenchen.de\/","title":{"rendered":"Willkommen"},"content":{"rendered":"\n<p class=\"has-pale-cyan-blue-background-color has-background has-medium-font-size\">Das Erz\u00e4hlcafe Kriegsenkel M\u00fcnchen bietet Interessierten und Betroffenen die M\u00f6glichkeit, sich in einem gesch\u00fctztem Rahmen \u00fcber die Nachwirkungen des Zweiten Weltkrieges bis in die dritte Generation auszutauschen. <br>Die Treffen finden vier Mal j\u00e4hrlich immer sonntags 14:30 &#8211; 17.30 Uhr im AWO-Begegnungszentrum, Reinmarplatz 18, 80637 M\u00fcnchen, statt. <br>Es ist keine Anmeldung notwendig.<\/p>\n\n\n\n<p class=\"has-pale-cyan-blue-background-color has-background has-medium-font-size\">Der n\u00e4chste Erz\u00e4hlcafeTreff ist am Sonntag 05. Juli 2026 und findet wie gewohnt zwischen 14:30 und 17:30 Uhr im AWO Begegnungszentrum, Reinmarplatz 18-20, 80637 M\u00fcnchen, statt.<\/p>\n\n\n\n<figure class=\"wp-block-gallery has-nested-images columns-default is-cropped wp-block-gallery-1 is-layout-flex wp-block-gallery-is-layout-flex\">\n<figure class=\"wp-block-image size-large\"><img loading=\"lazy\" decoding=\"async\" width=\"1024\" height=\"512\" data-id=\"102\" src=\"https:\/\/kriegsenkel-muenchen.de\/wp-content\/uploads\/2023\/10\/IMG_20231001_142612-1024x512.jpg\" alt=\"\" class=\"wp-image-102\" srcset=\"https:\/\/kriegsenkel-muenchen.de\/wp-content\/uploads\/2023\/10\/IMG_20231001_142612-1024x512.jpg 1024w, https:\/\/kriegsenkel-muenchen.de\/wp-content\/uploads\/2023\/10\/IMG_20231001_142612-300x150.jpg 300w, https:\/\/kriegsenkel-muenchen.de\/wp-content\/uploads\/2023\/10\/IMG_20231001_142612-768x384.jpg 768w, https:\/\/kriegsenkel-muenchen.de\/wp-content\/uploads\/2023\/10\/IMG_20231001_142612-1536x768.jpg 1536w, https:\/\/kriegsenkel-muenchen.de\/wp-content\/uploads\/2023\/10\/IMG_20231001_142612-2048x1024.jpg 2048w\" sizes=\"auto, (max-width: 1024px) 100vw, 1024px\" \/><figcaption class=\"wp-element-caption\">Blick zum Kanal<\/figcaption><\/figure>\n\n\n\n<figure class=\"wp-block-image size-large\"><img loading=\"lazy\" decoding=\"async\" width=\"1024\" height=\"512\" data-id=\"101\" src=\"https:\/\/kriegsenkel-muenchen.de\/wp-content\/uploads\/2023\/10\/IMG_20231001_142559-1024x512.jpg\" alt=\"\" class=\"wp-image-101\" srcset=\"https:\/\/kriegsenkel-muenchen.de\/wp-content\/uploads\/2023\/10\/IMG_20231001_142559-1024x512.jpg 1024w, https:\/\/kriegsenkel-muenchen.de\/wp-content\/uploads\/2023\/10\/IMG_20231001_142559-300x150.jpg 300w, https:\/\/kriegsenkel-muenchen.de\/wp-content\/uploads\/2023\/10\/IMG_20231001_142559-768x384.jpg 768w, https:\/\/kriegsenkel-muenchen.de\/wp-content\/uploads\/2023\/10\/IMG_20231001_142559-1536x768.jpg 1536w, https:\/\/kriegsenkel-muenchen.de\/wp-content\/uploads\/2023\/10\/IMG_20231001_142559-2048x1024.jpg 2048w\" sizes=\"auto, (max-width: 1024px) 100vw, 1024px\" \/><figcaption class=\"wp-element-caption\">Eingangst\u00fcr &#8211; mit Taster<\/figcaption><\/figure>\n\n\n\n<figure class=\"wp-block-image size-large\"><img loading=\"lazy\" decoding=\"async\" width=\"1024\" height=\"512\" data-id=\"100\" src=\"https:\/\/kriegsenkel-muenchen.de\/wp-content\/uploads\/2023\/10\/IMG_20231001_142636-1024x512.jpg\" alt=\"\" class=\"wp-image-100\" srcset=\"https:\/\/kriegsenkel-muenchen.de\/wp-content\/uploads\/2023\/10\/IMG_20231001_142636-1024x512.jpg 1024w, https:\/\/kriegsenkel-muenchen.de\/wp-content\/uploads\/2023\/10\/IMG_20231001_142636-300x150.jpg 300w, https:\/\/kriegsenkel-muenchen.de\/wp-content\/uploads\/2023\/10\/IMG_20231001_142636-768x384.jpg 768w, https:\/\/kriegsenkel-muenchen.de\/wp-content\/uploads\/2023\/10\/IMG_20231001_142636-1536x768.jpg 1536w, https:\/\/kriegsenkel-muenchen.de\/wp-content\/uploads\/2023\/10\/IMG_20231001_142636-2048x1024.jpg 2048w\" sizes=\"auto, (max-width: 1024px) 100vw, 1024px\" \/><figcaption class=\"wp-element-caption\">Blick zum Reinmarplatz<\/figcaption><\/figure>\n<\/figure>\n\n\n\n<ul class=\"wp-block-list\">\n<li>Die n\u00e4chsten Termine sind:\u00a0<\/li>\n\n\n\n<li>05. Juli 2026<\/li>\n\n\n\n<li>18. Oktober 2026.&nbsp;<\/li>\n<\/ul>\n\n\n\n<p class=\"has-text-align-center has-medium-font-size\"><strong>Vertiefungstreffen<\/strong> &#8211; finden zur Zeit nicht statt. Sobald es Neuigkeiten gibt, erfahrt ihr es hier.<br>Es findet dann im Selbsthilfezentrum, Westendstr. 68 im Gruppenraum 4 (2.OG) statt. <br>Anmeldung ist nicht erforderlich.<br><br><\/p>\n\n\n\n<h2 class=\"wp-block-heading\">Unsere aktuellsten Informationen<br><\/h2>\n\n\n\n<p class=\"has-large-font-size\"><\/p>\n\n\n\n<h2 class=\"wp-block-heading\">E-Mail Verteiler <\/h2>\n\n\n\n<p class=\"has-pale-cyan-blue-background-color has-background has-medium-font-size\">Wenn Ihr uns eine e-mail schickt, dann beachtet bitte unsere Datenschutzerkl\u00e4rung. Wenn Ihr \u00fcber aktuelle Hinweise per e-mail informiert werden wollt, dann schickt uns doch eine kurze e-mail <a href=\"mailto:info@kriegsenkel-muenchen.de\" data-type=\"mailto\" data-id=\"mailto:info@kriegsenkel-muenchen.de\">info@kriegsenkel-muenchen.de<\/a>; Dann nehmen wir Euch in den Verteiler auf. <br><br>Sinn und Zweck des e-mail Verteilers ist es, Euch \u00fcber das Angebot des Erz\u00e4hlcafes zu informieren und Euch bei kurzfristigen \u00c4nderungen zeitnah auf dem Laufenden zu halten.<\/p>\n","protected":false},"excerpt":{"rendered":"<p>Das Erz\u00e4hlcafe Kriegsenkel M\u00fcnchen bietet Interessierten und Betroffenen die M\u00f6glichkeit, sich in einem gesch\u00fctztem Rahmen \u00fcber die Nachwirkungen des Zweiten Weltkrieges bis in die dritte Generation auszutauschen. Die Treffen finden vier Mal j\u00e4hrlich immer sonntags 14:30 &#8211; 17.30 Uhr im AWO-Begegnungszentrum, Reinmarplatz 18, 80637 M\u00fcnchen, statt. Es ist keine Anmeldung notwendig. Der n\u00e4chste Erz\u00e4hlcafeTreff ist &hellip; <\/p>\n","protected":false},"author":1,"featured_media":0,"parent":0,"menu_order":0,"comment_status":"closed","ping_status":"closed","template":"","meta":{"footnotes":""},"class_list":["post-2","page","type-page","status-publish","hentry"],"_links":{"self":[{"href":"https:\/\/kriegsenkel-muenchen.de\/index.php?rest_route=\/wp\/v2\/pages\/2","targetHints":{"allow":["GET"]}}],"collection":[{"href":"https:\/\/kriegsenkel-muenchen.de\/index.php?rest_route=\/wp\/v2\/pages"}],"about":[{"href":"https:\/\/kriegsenkel-muenchen.de\/index.php?rest_route=\/wp\/v2\/types\/page"}],"author":[{"embeddable":true,"href":"https:\/\/kriegsenkel-muenchen.de\/index.php?rest_route=\/wp\/v2\/users\/1"}],"replies":[{"embeddable":true,"href":"https:\/\/kriegsenkel-muenchen.de\/index.php?rest_route=%2Fwp%2Fv2%2Fcomments&post=2"}],"version-history":[{"count":51,"href":"https:\/\/kriegsenkel-muenchen.de\/index.php?rest_route=\/wp\/v2\/pages\/2\/revisions"}],"predecessor-version":[{"id":194,"href":"https:\/\/kriegsenkel-muenchen.de\/index.php?rest_route=\/wp\/v2\/pages\/2\/revisions\/194"}],"wp:attachment":[{"href":"https:\/\/kriegsenkel-muenchen.de\/index.php?rest_route=%2Fwp%2Fv2%2Fmedia&parent=2"}],"curies":[{"name":"wp","href":"https:\/\/api.w.org\/{rel}","templated":true}]}}